{"id":8210,"date":"2022-11-21T15:18:23","date_gmt":"2022-11-21T13:18:23","guid":{"rendered":"https:\/\/www.brody-offices.com\/?page_id=8210"},"modified":"2022-11-22T16:12:39","modified_gmt":"2022-11-22T14:12:39","slug":"bureau-a-louer-bruxelles","status":"publish","type":"page","link":"https:\/\/www.brody-offices.com\/en\/bureau-a-louer-bruxelles\/","title":{"rendered":"Bureau \u00e0 louer Bruxelles"},"content":{"rendered":"<h1>Bureau \u00e0 louer Bruxelles<\/h1>\n<p style=\"font-weight: 400;\">Avis aux personnes qui recherchent un bureau dans notre capitale, avec une excellente accessibilit\u00e9 et des possibilit\u00e9s de stationnement. Choisissez nos flex corners et payez un montant fixe par mois.<\/p>\n<h2><strong>Louez votre bureau dans un emplacement de choix \u00e0 Bruxelles<\/strong><\/h2>\n<p style=\"font-weight: 400;\">En tant qu&#8217;expert immobilier fort de 25 ans d&#8217;exp\u00e9rience, Brody est l&#8217;endroit id\u00e9al pour louer un bureau sur mesure. Nous disposons d&#8217;un <strong>large \u00e9ventail de bureaux \u00e0 Bruxelles. <\/strong>Nous sommes heureux de vous aider \u00e0 trouver l&#8217;espace qui convient \u00e0 votre entreprise. Vous \u00eates \u00e0 la recherche <strong>d&#8217;une<\/strong> <strong>coque<\/strong>, d&#8217;un bureau avec des <strong>murs int\u00e9rieurs modulables<\/strong> ou d&#8217;un <strong>bureau cl\u00e9 en main<\/strong> am\u00e9nag\u00e9 selon vos souhaits ? Toutes les options sont possibles<\/p>\n<h2><strong>Pourquoi louer un bureau \u00e0 1000 Bruxelles ?<\/strong><\/h2>\n<p style=\"font-weight: 400;\">Brody repr\u00e9sente l&#8217;immobilier avec une valeur ajout\u00e9e et nous faisons honneur \u00e0 ce slogan en investissant dans des <strong>endroits facilement accessibles et abordables<\/strong> en p\u00e9riph\u00e9rie de la ville. Vous pouvez par exemple<a href=\"https:\/\/www.brody-offices.com\/nl\/kantoor-te-huur-brussel\/\"><strong>\u00a0nous louer un bureau \u00e0 Anderlecht<\/strong><\/a>, une commune proche du centre de Bruxelles o\u00f9 vous ne devrez pas forc\u00e9ment subir la circulation dense de la ville tous les jours. Tous les bureaux de notre portefeuille b\u00e9n\u00e9ficient d&#8217;un excellent emplacement, \u00e0 proximit\u00e9 du Ring et de la gare de Bruxelles-Sud. Un trajet sans encombre pour se rendre au travail, tant en voiture qu&#8217;en transports publics ? Check ! De plus, vous pouvez compter sur un grand nombre de places de stationnement<\/p>\n<h2><strong>Bureaux \u00e0 louer \u00e0 Bruxelles<\/strong><\/h2>\n<p style=\"font-weight: 400;\">Vous \u00eates une start-up, une PME ou une entreprise internationale ? Chaque type d&#8217;entreprise trouvera son compte parmi notre offre de location. Nous avons des bureaux \u00e0 louer \u00e0 Bruxelles allant de <strong>50 \u00e0 1.500 m\u00e8tres carr\u00e9s. <\/strong>Nous sommes heureux de vous conseiller sur l&#8217;espace de bureau id\u00e9al pour accueillir vos employ\u00e9s. Votre entreprise se d\u00e9veloppe et vous avez besoin de plus d&#8217;espace de travail ? Gr\u00e2ce \u00e0 nos <strong>formules de location<\/strong>, vous pouvez facilement passer \u00e0 un <strong>bureau plus grand<\/strong> ou ajouter des <strong>unit\u00e9s de bureau suppl\u00e9mentaires<\/strong> \u00e0 votre contrat.<\/p>\n<h2><strong>D\u00e9couvrez de nouvelles opportunit\u00e9s commerciales \u00e0 Bruxelles <\/strong><\/h2>\n<p style=\"font-weight: 400;\">Louer un bureau \u00e0 <a href=\"http:\/\/www.brussel.be\/\" target=\"_blank\" rel=\"noopener\">Bruxelles<\/a>, c&#8217;est choisir <strong>un lieu de travail dynamique<\/strong>. En tant que centre \u00e9conomique de notre pays, de nombreuses entreprises ambitieuses s&#8217;installent dans la capitale. C&#8217;est pourquoi nos bureaux sont souvent situ\u00e9s dans des <strong>parcs d&#8217;activit\u00e9s<\/strong>, o\u00f9 l&#8217;enrichissement mutuel est possible et o\u00f9 de nouvelles opportunit\u00e9s commerciales vous attendent.<\/p>\n<p style=\"font-weight: 400;\">En outre, en tant que locataire de l&#8217;un de nos bureaux \u00e0 Bruxelles, vous faites partie de la &#8220;<strong>Brody Offices Community<\/strong>&#8220;. Nous encourageons la coh\u00e9sion sociale entre les diff\u00e9rentes entreprises de nos immeubles de bureaux.<\/p>\n<p style=\"font-weight: 400;\">Pr\u00eat \u00e0 <strong>louer un bureau \u00e0 Bruxelles<\/strong> ? <a href=\"https:\/\/www.brody-offices.com\/nl\/contact-aanvraag\/\">Contactez nous!<\/a><\/p>\n<h3><strong>Comment se d\u00e9roule la proc\u00e9dure de location ?<\/strong><\/h3>\n<p style=\"font-weight: 400;\">Lorsque vous concluez un contrat de location en concertation avec le propri\u00e9taire, le loyer de votre bureau est en principe fix\u00e9 pour toute la dur\u00e9e du contrat. Cependant, le propri\u00e9taire peut indexer le loyer annuellement.<\/p>\n<p style=\"font-weight: 400;\">Si vous concluez un contrat de location de bureaux, vous devrez payer des frais de service mensuels en plus du loyer. De nombreux locataires sont tent\u00e9s par un loyer bas, mais oublient de prendre en compte les charges communes dans le budget mensuel de l&#8217;entreprise. Tenez-en compte lors de votre recherche et demandez des pr\u00e9cisions si vous trouvez des descriptions vagues telles que &#8220;frais divers&#8221;. En posant ces questions avant de signer le contrat de location de votre bureau, vous \u00e9viterez de nombreux d\u00e9sagr\u00e9ments..<\/p>\n<figure id=\"attachment_8212\" aria-describedby=\"caption-attachment-8212\" style=\"width: 1436px\" class=\"wp-caption alignnone\"><img loading=\"lazy\" decoding=\"async\" class=\"wp-image-8212 size-full\" src=\"https:\/\/www.brody-offices.com\/wp-content\/uploads\/bureau-a-louer-bruxelles-Brody-Offices.jpg\" alt=\"Bureau \u00e0 louer Bruxelles Brody Offices\" width=\"1436\" height=\"585\" srcset=\"https:\/\/www.brody-offices.com\/wp-content\/uploads\/bureau-a-louer-bruxelles-Brody-Offices.jpg 1436w, https:\/\/www.brody-offices.com\/wp-content\/uploads\/bureau-a-louer-bruxelles-Brody-Offices-300x122.jpg 300w, https:\/\/www.brody-offices.com\/wp-content\/uploads\/bureau-a-louer-bruxelles-Brody-Offices-1024x417.jpg 1024w, https:\/\/www.brody-offices.com\/wp-content\/uploads\/bureau-a-louer-bruxelles-Brody-Offices-768x313.jpg 768w\" sizes=\"auto, (max-width: 1436px) 100vw, 1436px\" \/><figcaption id=\"caption-attachment-8212\" class=\"wp-caption-text\">Louer bureau a Bruxelles<\/figcaption><\/figure>\n","protected":false},"excerpt":{"rendered":"<p>Bureau \u00e0 louer Bruxelles Avis aux personnes qui recherchent un bureau dans notre capitale, avec une excellente accessibilit\u00e9 et des possibilit\u00e9s de stationnement. Choisissez nos flex corners et payez un montant fixe par mois. Louez votre bureau dans un emplacement de choix \u00e0 Bruxelles En tant qu&#8217;expert immobilier fort de 25 ans d&#8217;exp\u00e9rience, Brody est [&hellip;]<\/p>\n","protected":false},"author":6,"featured_media":0,"parent":0,"menu_order":0,"comment_status":"closed","ping_status":"closed","template":"","meta":{"_acf_changed":false,"footnotes":""},"class_list":["post-8210","page","type-page","status-publish","hentry"],"acf":[],"yoast_head":"<!-- This site is optimized with the Yoast SEO Premium plugin v22.4 (Yoast SEO v27.0) - https:\/\/yoast.com\/product\/yoast-seo-premium-wordpress\/ -->\n<title>Bureau \u00e0 louer Bruxelles - Brody Offices<\/title>\n<meta name=\"description\" content=\"D\u00e9couvrez de nouvelles opportunit\u00e9s commerciales \u00e0 Bruxelles. Louer un bureau \u00e0 Bruxelles, c&#039;est choisir un lieu de travail dynamique.\" \/>\n<meta name=\"robots\" content=\"index, follow, max-snippet:-1, max-image-preview:large, max-video-preview:-1\" \/>\n<link rel=\"canonical\" href=\"https:\/\/www.brody-offices.com\/en\/bureau-a-louer-bruxelles\/\" \/>\n<meta property=\"og:locale\" content=\"nl_BE\" \/>\n<meta property=\"og:type\" content=\"article\" \/>\n<meta property=\"og:title\" content=\"Bureau \u00e0 louer Bruxelles\" \/>\n<meta property=\"og:description\" content=\"Bureau \u00e0 louer Bruxelles Avis aux personnes qui recherchent un bureau dans notre capitale, avec une excellente accessibilit\u00e9 et des possibilit\u00e9s de\" \/>\n<meta property=\"og:url\" content=\"https:\/\/www.brody-offices.com\/en\/bureau-a-louer-bruxelles\/\" \/>\n<meta property=\"og:site_name\" content=\"Brody\" \/>\n<meta property=\"article:publisher\" content=\"https:\/\/www.facebook.com\/Brody.be\/\" \/>\n<meta property=\"article:modified_time\" content=\"2022-11-22T14:12:39+00:00\" \/>\n<meta property=\"og:image\" content=\"https:\/\/www.brody-offices.com\/wp-content\/uploads\/bureau-a-louer-bruxelles-Brody-Offices.jpg\" \/>\n<meta name=\"twitter:card\" content=\"summary_large_image\" \/>\n<meta name=\"twitter:label1\" content=\"Est. reading time\" \/>\n\t<meta name=\"twitter:data1\" content=\"3 minutes\" \/>\n<script type=\"application\/ld+json\" class=\"yoast-schema-graph\">{\"@context\":\"https:\/\/schema.org\",\"@graph\":[{\"@type\":\"WebPage\",\"@id\":\"https:\/\/www.brody-offices.com\/en\/bureau-a-louer-bruxelles\/\",\"url\":\"https:\/\/www.brody-offices.com\/en\/bureau-a-louer-bruxelles\/\",\"name\":\"Bureau \u00e0 louer Bruxelles - Brody Offices\",\"isPartOf\":{\"@id\":\"https:\/\/www.brody-offices.com\/nl\/#website\"},\"primaryImageOfPage\":{\"@id\":\"https:\/\/www.brody-offices.com\/en\/bureau-a-louer-bruxelles\/#primaryimage\"},\"image\":{\"@id\":\"https:\/\/www.brody-offices.com\/en\/bureau-a-louer-bruxelles\/#primaryimage\"},\"thumbnailUrl\":\"https:\/\/www.brody-offices.com\/wp-content\/uploads\/bureau-a-louer-bruxelles-Brody-Offices.jpg\",\"datePublished\":\"2022-11-21T13:18:23+00:00\",\"dateModified\":\"2022-11-22T14:12:39+00:00\",\"description\":\"D\u00e9couvrez de nouvelles opportunit\u00e9s commerciales \u00e0 Bruxelles. Louer un bureau \u00e0 Bruxelles, c'est choisir un lieu de travail dynamique.\",\"breadcrumb\":{\"@id\":\"https:\/\/www.brody-offices.com\/en\/bureau-a-louer-bruxelles\/#breadcrumb\"},\"inLanguage\":\"en-US\",\"potentialAction\":[{\"@type\":\"ReadAction\",\"target\":[\"https:\/\/www.brody-offices.com\/en\/bureau-a-louer-bruxelles\/\"]}]},{\"@type\":\"ImageObject\",\"inLanguage\":\"en-US\",\"@id\":\"https:\/\/www.brody-offices.com\/en\/bureau-a-louer-bruxelles\/#primaryimage\",\"url\":\"https:\/\/www.brody-offices.com\/wp-content\/uploads\/bureau-a-louer-bruxelles-Brody-Offices.jpg\",\"contentUrl\":\"https:\/\/www.brody-offices.com\/wp-content\/uploads\/bureau-a-louer-bruxelles-Brody-Offices.jpg\"},{\"@type\":\"BreadcrumbList\",\"@id\":\"https:\/\/www.brody-offices.com\/en\/bureau-a-louer-bruxelles\/#breadcrumb\",\"itemListElement\":[{\"@type\":\"ListItem\",\"position\":1,\"name\":\"Home\",\"item\":\"https:\/\/www.brody-offices.com\/en\/\"},{\"@type\":\"ListItem\",\"position\":2,\"name\":\"Bureau \u00e0 louer Bruxelles\"}]},{\"@type\":\"WebSite\",\"@id\":\"https:\/\/www.brody-offices.com\/nl\/#website\",\"url\":\"https:\/\/www.brody-offices.com\/nl\/\",\"name\":\"Brody\",\"description\":\"\",\"publisher\":{\"@id\":\"https:\/\/www.brody-offices.com\/nl\/#organization\"},\"potentialAction\":[{\"@type\":\"SearchAction\",\"target\":{\"@type\":\"EntryPoint\",\"urlTemplate\":\"https:\/\/www.brody-offices.com\/nl\/?s={search_term_string}\"},\"query-input\":{\"@type\":\"PropertyValueSpecification\",\"valueRequired\":true,\"valueName\":\"search_term_string\"}}],\"inLanguage\":\"en-US\"},{\"@type\":\"Organization\",\"@id\":\"https:\/\/www.brody-offices.com\/nl\/#organization\",\"name\":\"Brody\",\"url\":\"https:\/\/www.brody-offices.com\/nl\/\",\"logo\":{\"@type\":\"ImageObject\",\"inLanguage\":\"en-US\",\"@id\":\"https:\/\/www.brody-offices.com\/nl\/#\/schema\/logo\/image\/\",\"url\":\"\",\"contentUrl\":\"\",\"caption\":\"Brody\"},\"image\":{\"@id\":\"https:\/\/www.brody-offices.com\/nl\/#\/schema\/logo\/image\/\"},\"sameAs\":[\"https:\/\/www.facebook.com\/Brody.be\/\",\"https:\/\/www.linkedin.com\/company\/brody\/\",\"https:\/\/www.youtube.com\/channel\/UCYyhnFKciZOyfet7jsERl7g\"]}]}<\/script>\n<!-- \/ Yoast SEO Premium plugin. -->","yoast_head_json":{"title":"Bureau \u00e0 louer Bruxelles - Brody Offices","description":"D\u00e9couvrez de nouvelles opportunit\u00e9s commerciales \u00e0 Bruxelles. Louer un bureau \u00e0 Bruxelles, c'est choisir un lieu de travail dynamique.","robots":{"index":"index","follow":"follow","max-snippet":"max-snippet:-1","max-image-preview":"max-image-preview:large","max-video-preview":"max-video-preview:-1"},"canonical":"https:\/\/www.brody-offices.com\/en\/bureau-a-louer-bruxelles\/","og_locale":"nl_BE","og_type":"article","og_title":"Bureau \u00e0 louer Bruxelles","og_description":"Bureau \u00e0 louer Bruxelles Avis aux personnes qui recherchent un bureau dans notre capitale, avec une excellente accessibilit\u00e9 et des possibilit\u00e9s de","og_url":"https:\/\/www.brody-offices.com\/en\/bureau-a-louer-bruxelles\/","og_site_name":"Brody","article_publisher":"https:\/\/www.facebook.com\/Brody.be\/","article_modified_time":"2022-11-22T14:12:39+00:00","og_image":[{"url":"https:\/\/www.brody-offices.com\/wp-content\/uploads\/bureau-a-louer-bruxelles-Brody-Offices.jpg","type":"","width":"","height":""}],"twitter_card":"summary_large_image","twitter_misc":{"Est. reading time":"3 minutes"},"schema":{"@context":"https:\/\/schema.org","@graph":[{"@type":"WebPage","@id":"https:\/\/www.brody-offices.com\/en\/bureau-a-louer-bruxelles\/","url":"https:\/\/www.brody-offices.com\/en\/bureau-a-louer-bruxelles\/","name":"Bureau \u00e0 louer Bruxelles - Brody Offices","isPartOf":{"@id":"https:\/\/www.brody-offices.com\/nl\/#website"},"primaryImageOfPage":{"@id":"https:\/\/www.brody-offices.com\/en\/bureau-a-louer-bruxelles\/#primaryimage"},"image":{"@id":"https:\/\/www.brody-offices.com\/en\/bureau-a-louer-bruxelles\/#primaryimage"},"thumbnailUrl":"https:\/\/www.brody-offices.com\/wp-content\/uploads\/bureau-a-louer-bruxelles-Brody-Offices.jpg","datePublished":"2022-11-21T13:18:23+00:00","dateModified":"2022-11-22T14:12:39+00:00","description":"D\u00e9couvrez de nouvelles opportunit\u00e9s commerciales \u00e0 Bruxelles. Louer un bureau \u00e0 Bruxelles, c'est choisir un lieu de travail dynamique.","breadcrumb":{"@id":"https:\/\/www.brody-offices.com\/en\/bureau-a-louer-bruxelles\/#breadcrumb"},"inLanguage":"en-US","potentialAction":[{"@type":"ReadAction","target":["https:\/\/www.brody-offices.com\/en\/bureau-a-louer-bruxelles\/"]}]},{"@type":"ImageObject","inLanguage":"en-US","@id":"https:\/\/www.brody-offices.com\/en\/bureau-a-louer-bruxelles\/#primaryimage","url":"https:\/\/www.brody-offices.com\/wp-content\/uploads\/bureau-a-louer-bruxelles-Brody-Offices.jpg","contentUrl":"https:\/\/www.brody-offices.com\/wp-content\/uploads\/bureau-a-louer-bruxelles-Brody-Offices.jpg"},{"@type":"BreadcrumbList","@id":"https:\/\/www.brody-offices.com\/en\/bureau-a-louer-bruxelles\/#breadcrumb","itemListElement":[{"@type":"ListItem","position":1,"name":"Home","item":"https:\/\/www.brody-offices.com\/en\/"},{"@type":"ListItem","position":2,"name":"Bureau \u00e0 louer Bruxelles"}]},{"@type":"WebSite","@id":"https:\/\/www.brody-offices.com\/nl\/#website","url":"https:\/\/www.brody-offices.com\/nl\/","name":"Brody","description":"","publisher":{"@id":"https:\/\/www.brody-offices.com\/nl\/#organization"},"potentialAction":[{"@type":"SearchAction","target":{"@type":"EntryPoint","urlTemplate":"https:\/\/www.brody-offices.com\/nl\/?s={search_term_string}"},"query-input":{"@type":"PropertyValueSpecification","valueRequired":true,"valueName":"search_term_string"}}],"inLanguage":"en-US"},{"@type":"Organization","@id":"https:\/\/www.brody-offices.com\/nl\/#organization","name":"Brody","url":"https:\/\/www.brody-offices.com\/nl\/","logo":{"@type":"ImageObject","inLanguage":"en-US","@id":"https:\/\/www.brody-offices.com\/nl\/#\/schema\/logo\/image\/","url":"","contentUrl":"","caption":"Brody"},"image":{"@id":"https:\/\/www.brody-offices.com\/nl\/#\/schema\/logo\/image\/"},"sameAs":["https:\/\/www.facebook.com\/Brody.be\/","https:\/\/www.linkedin.com\/company\/brody\/","https:\/\/www.youtube.com\/channel\/UCYyhnFKciZOyfet7jsERl7g"]}]}},"_links":{"self":[{"href":"https:\/\/www.brody-offices.com\/en\/wp-json\/wp\/v2\/pages\/8210","targetHints":{"allow":["GET"]}}],"collection":[{"href":"https:\/\/www.brody-offices.com\/en\/wp-json\/wp\/v2\/pages"}],"about":[{"href":"https:\/\/www.brody-offices.com\/en\/wp-json\/wp\/v2\/types\/page"}],"author":[{"embeddable":true,"href":"https:\/\/www.brody-offices.com\/en\/wp-json\/wp\/v2\/users\/6"}],"replies":[{"embeddable":true,"href":"https:\/\/www.brody-offices.com\/en\/wp-json\/wp\/v2\/comments?post=8210"}],"version-history":[{"count":9,"href":"https:\/\/www.brody-offices.com\/en\/wp-json\/wp\/v2\/pages\/8210\/revisions"}],"predecessor-version":[{"id":8224,"href":"https:\/\/www.brody-offices.com\/en\/wp-json\/wp\/v2\/pages\/8210\/revisions\/8224"}],"wp:attachment":[{"href":"https:\/\/www.brody-offices.com\/en\/wp-json\/wp\/v2\/media?parent=8210"}],"curies":[{"name":"wp","href":"https:\/\/api.w.org\/{rel}","templated":true}]}}